{"id":44,"date":"2017-12-01T14:10:30","date_gmt":"2017-12-01T13:10:30","guid":{"rendered":"http:\/\/protestants-amay.be\/?page_id=44"},"modified":"2021-11-17T11:55:39","modified_gmt":"2021-11-17T10:55:39","slug":"une-identite-protestante","status":"publish","type":"page","link":"http:\/\/protestants-amay.be\/index.php\/une-identite-protestante\/","title":{"rendered":"Une identit\u00e9 protestante ?"},"content":{"rendered":"<p><strong>1. Un Dieu de libert\u00e9 &#8211; \u00ab A Dieu seul la gloire \u00bb<\/strong><br \/>\nDieu a cr\u00e9\u00e9 l\u2019humain libre. Il appelle une libre r\u00e9ponse de chacune et de chacun. Les chr\u00e9tiens protestants trouvent donc normal et n\u00e9cessaire que toute soci\u00e9t\u00e9 respecte la libert\u00e9 des consciences. Ils se montrent vigilants \u00e0 l\u2019\u00e9gard des syst\u00e8mes ou institutions qui se croiraient en droit d\u2019imposer des fa\u00e7ons de penser et d\u2019agir.<\/p>\n<p><strong>2. Un Dieu de gratuit\u00e9 &#8211; \u00ab La gr\u00e2ce seule \u00bb<\/strong><br \/>\nDieu aime chaque femme et chaque homme sans contrepartie, quelles que soient ses qualit\u00e9s humaines ou sa situation sociale. Le protestant est appel\u00e9 \u00e0 t\u00e9moigner aupr\u00e8s de ses semblables de cet amour gratuit et inconditionnel.<br \/>\nNous cherchons, dans nos paroles et nos actes, \u00e0 ne pas valoriser les discours de culpabilit\u00e9, mais de lib\u00e9ration personnelle.<\/p>\n<p><strong>3. \u00ab L\u2019essentiel, c\u2019est la foi \u00bb<\/strong><br \/>\nLa foi na\u00eet de la rencontre personnelle avec Dieu. Elle est offerte par Dieu sans condition. Tout \u00eatre humain est appel\u00e9 \u00e0 la recevoir dans la libert\u00e9.<br \/>\nElle permet de faire de chacun de nous des chercheurs de Dieu, et non des d\u00e9tenteurs d\u2019une V\u00e9rit\u00e9 absolue qui s\u2019imposerait \u00e0 tous.<\/p>\n<p><strong>4. Parole de Dieu, \u00ab La Bible seule \u00bb<\/strong><br \/>\nLes protestants reconnaissent la Bible comme autorit\u00e9 en mati\u00e8re de foi. \u00c0 travers les t\u00e9moignages inspir\u00e9s qu\u2019elle nous transmet, se laisse discerner la Parole de Dieu. Les textes bibliques dessinent les principes \u00e0 partir desquels chaque protestant, pour ce qui le concerne, et chaque \u00c9glise, coll\u00e9gialement, d\u00e9terminent l\u2019espace de leur fid\u00e9lit\u00e9.<\/p>\n<p><strong>5. Se r\u00e9former sans cesse<\/strong><br \/>\n\u00ab Les \u00c9glises peuvent se tromper \u00bb disait Martin Luther !<br \/>\nLes protestants d\u2019aujourd\u2019hui le croient aussi. Ils pensent que leurs \u00c9glises doivent toujours porter sur elles-m\u00eames un regard critique et r\u00e9formateur.<\/p>\n<p><strong>6. Tous pr\u00eatres, tous la\u00efcs &#8211; \u00ab Le sacerdoce universel \u00bb<\/strong><br \/>\nLe sacerdoce universel des croyants r\u00e9serve une place identique \u00e0 tous, pasteur ou la\u00efc, au sein de l\u2019\u00c9glise.<br \/>\nLe pasteur protestant n\u2019a pas de statut \u00e0 part dans l\u2019\u00c9glise. Il y exerce une fonction particuli\u00e8re : celle d\u2019assurer, apr\u00e8s une formation th\u00e9ologique\u00a0universitaire, le minist\u00e8re de la pr\u00e9dication et des sacrements, l\u2019animation de la communaut\u00e9, l\u2019accompagnement et l\u2019\u00e9coute de ses membres, dans un esprit d\u2019unit\u00e9 et d\u2019ouverture<\/p>\n","protected":false},"excerpt":{"rendered":"<p>1. Un Dieu de libert\u00e9 &#8211; \u00ab A Dieu seul la gloire \u00bb Dieu a cr\u00e9\u00e9 l\u2019humain libre. Il appelle une libre r\u00e9ponse de chacune et de chacun. Les chr\u00e9tiens protestants trouvent donc normal et n\u00e9cessaire que toute soci\u00e9t\u00e9 respecte la libert\u00e9 des consciences. Ils se montrent vigilants \u00e0 l\u2019\u00e9gard des syst\u00e8mes ou institutions qui &hellip; <\/p>\n<p class=\"link-more\"><a href=\"http:\/\/protestants-amay.be\/index.php\/une-identite-protestante\/\" class=\"more-link\">Continue reading<span class=\"screen-reader-text\"> &#8220;Une identit\u00e9 protestante ?&#8221;<\/span><\/a><\/p>\n","protected":false},"author":1,"featured_media":0,"parent":0,"menu_order":0,"comment_status":"closed","ping_status":"closed","template":"","meta":[],"_links":{"self":[{"href":"http:\/\/protestants-amay.be\/index.php\/wp-json\/wp\/v2\/pages\/44"}],"collection":[{"href":"http:\/\/protestants-amay.be\/index.php\/wp-json\/wp\/v2\/pages"}],"about":[{"href":"http:\/\/protestants-amay.be\/index.php\/wp-json\/wp\/v2\/types\/page"}],"author":[{"embeddable":true,"href":"http:\/\/protestants-amay.be\/index.php\/wp-json\/wp\/v2\/users\/1"}],"replies":[{"embeddable":true,"href":"http:\/\/protestants-amay.be\/index.php\/wp-json\/wp\/v2\/comments?post=44"}],"version-history":[{"count":3,"href":"http:\/\/protestants-amay.be\/index.php\/wp-json\/wp\/v2\/pages\/44\/revisions"}],"predecessor-version":[{"id":155,"href":"http:\/\/protestants-amay.be\/index.php\/wp-json\/wp\/v2\/pages\/44\/revisions\/155"}],"wp:attachment":[{"href":"http:\/\/protestants-amay.be\/index.php\/wp-json\/wp\/v2\/media?parent=44"}],"curies":[{"name":"wp","href":"https:\/\/api.w.org\/{rel}","templated":true}]}}