{"id":17,"date":"2017-10-26T09:30:16","date_gmt":"2017-10-26T07:30:16","guid":{"rendered":"http:\/\/protestants-amay.be\/?page_id=17"},"modified":"2023-10-18T14:08:20","modified_gmt":"2023-10-18T12:08:20","slug":"a-propos-de","status":"publish","type":"page","link":"http:\/\/protestants-amay.be\/index.php\/a-propos-de\/","title":{"rendered":"Un pass\u00e9 plus que centenaire"},"content":{"rendered":"<p>Les protestants sont pr\u00e9sents \u00e0 Amay sans interruption depuis la fin du XIX\u00e8me si\u00e8cle. D\u00e8s 1890, un ouvrier colporteur de l\u2019 \u00c9glise Missionnaire Belge \u00ab \u00e9vang\u00e9lise \u00bb les Thiers d\u2019Amay. Il vient de Seraing, s\u2019appelle Alphonse Honnay et fonde des \u00e9glises de maisons au Viamont chez Marie Chouffart, puis aux Fontaines chez Joseph Kinet et El\u00e9onore L\u00e9ga.<\/p>\n<p>Ensuite, c\u2019est au tour d\u2019Alexandre Kinet et Lambertine Herbillon d\u2019offrir l\u2019hospitalit\u00e9 en leur demeure du Viamont, toujours dans les hauts quartiers des classes laborieurses o\u00f9 Alphonse Honnay apporte la Bonne Nouvelle et lance une campagne antialcoolique.<\/p>\n<p>D\u2019autres maisons des Thiers ouvrent leurs portes sur Lambermont, au Roua, et Amay accueille son premier pasteur, C. Jung, le 20 octobre 1895.<\/p>\n<p>En 1903, E. Dawirs reprend le travail et finalement, sous l&#8217;\u00e9gide d\u2019un pasteur fran\u00e7ais, Monsieur Cadix, le b\u00e2timent actuel est construit par les paroissiens \u00e0 l\u2019\u00e9t\u00e9 1911, d\u2019apr\u00e8s les plans d\u2019un architecte herstalien au nom pr\u00e9destin\u00e9 : Henri Sauveur.<\/p>\n<p>En \u00e9t\u00e9 1930-31, l\u2019\u00e9glise d\u2019Amay est desservie par le pasteur de Seraing et cette situation perdure pendant plusieurs d\u00e9cennies. Reconnue par le Synode de l&#8217;E.M.B, son centenaire est marqu\u00e9 en 1992 par une exposition sur la Bible \u00e0 la Tour Romane. Le centenaire du b\u00e2timent est, quant \u00e0 lui, c\u00e9l\u00e9br\u00e9 le 20 novembre 2011 en pr\u00e9sence des autorit\u00e9s communales.<\/p>\n<p>A partir de 2016, une r\u00e9flexion est men\u00e9e au sujet du Temple et de son \u00e9ventuelle restauration. Il apparait que les lieux ne r\u00e9pondent plus aux attentes actuelles en termes d&#8217;accueil (notamment PMR), de convivialit\u00e9 et de formation ainsi que de promotion culturelle. La communaut\u00e9 d\u00e9cide donc de vendre son bien et de s&#8217;installer au 34 de la Rue Waloppe \u00e0 Ampsin. La d\u00e9dicace du nouveau Temple est c\u00e9l\u00e9br\u00e9e le 19 Mai 2019.<\/p>\n","protected":false},"excerpt":{"rendered":"<p>Les protestants sont pr\u00e9sents \u00e0 Amay sans interruption depuis la fin du XIX\u00e8me si\u00e8cle. D\u00e8s 1890, un ouvrier colporteur de l\u2019 \u00c9glise Missionnaire Belge \u00ab \u00e9vang\u00e9lise \u00bb les Thiers d\u2019Amay. Il vient de Seraing, s\u2019appelle Alphonse Honnay et fonde des \u00e9glises de maisons au Viamont chez Marie Chouffart, puis aux Fontaines chez Joseph Kinet et &hellip; <\/p>\n<p class=\"link-more\"><a href=\"http:\/\/protestants-amay.be\/index.php\/a-propos-de\/\" class=\"more-link\">Continue reading<span class=\"screen-reader-text\"> &#8220;Un pass\u00e9 plus que centenaire&#8221;<\/span><\/a><\/p>\n","protected":false},"author":1,"featured_media":0,"parent":0,"menu_order":0,"comment_status":"closed","ping_status":"closed","template":"","meta":[],"_links":{"self":[{"href":"http:\/\/protestants-amay.be\/index.php\/wp-json\/wp\/v2\/pages\/17"}],"collection":[{"href":"http:\/\/protestants-amay.be\/index.php\/wp-json\/wp\/v2\/pages"}],"about":[{"href":"http:\/\/protestants-amay.be\/index.php\/wp-json\/wp\/v2\/types\/page"}],"author":[{"embeddable":true,"href":"http:\/\/protestants-amay.be\/index.php\/wp-json\/wp\/v2\/users\/1"}],"replies":[{"embeddable":true,"href":"http:\/\/protestants-amay.be\/index.php\/wp-json\/wp\/v2\/comments?post=17"}],"version-history":[{"count":4,"href":"http:\/\/protestants-amay.be\/index.php\/wp-json\/wp\/v2\/pages\/17\/revisions"}],"predecessor-version":[{"id":212,"href":"http:\/\/protestants-amay.be\/index.php\/wp-json\/wp\/v2\/pages\/17\/revisions\/212"}],"wp:attachment":[{"href":"http:\/\/protestants-amay.be\/index.php\/wp-json\/wp\/v2\/media?parent=17"}],"curies":[{"name":"wp","href":"https:\/\/api.w.org\/{rel}","templated":true}]}}